{"id":219,"date":"2019-11-06T15:53:30","date_gmt":"2019-11-06T15:53:30","guid":{"rendered":"https:\/\/garantcar.md\/index.php\/app-landing\/"},"modified":"2025-03-02T08:02:24","modified_gmt":"2025-03-02T08:02:24","slug":"app-landing","status":"publish","type":"page","link":"https:\/\/garantcar.md\/","title":{"rendered":"App Landing"},"content":{"rendered":"\t\t<div data-elementor-type=\"wp-page\" data-elementor-id=\"219\" class=\"elementor elementor-219\">\n\t\t\t\t\t\t<section class=\"elementor-section elementor-top-section elementor-element elementor-element-e76b2fc elementor-section-boxed elementor-section-height-default elementor-section-height-default\" data-id=\"e76b2fc\" data-element_type=\"section\">\n\t\t\t\t\t\t<div class=\"elementor-container elementor-column-gap-default\">\n\t\t\t\t\t<div class=\"elementor-column elementor-col-100 elementor-top-column elementor-element elementor-element-09293dd\" data-id=\"09293dd\" data-element_type=\"column\">\n\t\t\t<div class=\"elementor-widget-wrap elementor-element-populated\">\n\t\t\t\t\t\t<div class=\"elementor-element elementor-element-4fcc5d4 elementor-invisible elementor-widget elementor-widget-image\" data-id=\"4fcc5d4\" data-element_type=\"widget\" data-settings=\"{&quot;_animation&quot;:&quot;fadeIn&quot;,&quot;_animation_delay&quot;:400}\" data-widget_type=\"image.default\">\n\t\t\t\t<div class=\"elementor-widget-container\">\n\t\t\t\t\t\t\t\t\t\t\t\t\t<img fetchpriority=\"high\" decoding=\"async\" width=\"1284\" height=\"357\" src=\"https:\/\/garantcar.md\/wp-content\/uploads\/2021\/06\/logo-garant.png\" class=\"attachment-full size-full wp-image-189\" alt=\"GarantCar\" srcset=\"https:\/\/garantcar.md\/wp-content\/uploads\/2021\/06\/logo-garant.png 1284w, https:\/\/garantcar.md\/wp-content\/uploads\/2021\/06\/logo-garant-300x83.png 300w, https:\/\/garantcar.md\/wp-content\/uploads\/2021\/06\/logo-garant-1024x285.png 1024w, https:\/\/garantcar.md\/wp-content\/uploads\/2021\/06\/logo-garant-768x214.png 768w, https:\/\/garantcar.md\/wp-content\/uploads\/2021\/06\/logo-garant-650x181.png 650w\" sizes=\"(max-width: 1284px) 100vw, 1284px\" \/>\t\t\t\t\t\t\t\t\t\t\t\t\t<\/div>\n\t\t\t\t<\/div>\n\t\t\t\t<div class=\"elementor-element elementor-element-5aff144 elementor-widget elementor-widget-spacer\" data-id=\"5aff144\" data-element_type=\"widget\" data-widget_type=\"spacer.default\">\n\t\t\t\t<div class=\"elementor-widget-container\">\n\t\t\t\t\t<div class=\"elementor-spacer\">\n\t\t\t<div class=\"elementor-spacer-inner\"><\/div>\n\t\t<\/div>\n\t\t\t\t<\/div>\n\t\t\t\t<\/div>\n\t\t\t\t<div class=\"elementor-element elementor-element-13d49b2 elementor-align-center elementor-widget elementor-widget-button\" data-id=\"13d49b2\" data-element_type=\"widget\" data-widget_type=\"button.default\">\n\t\t\t\t<div class=\"elementor-widget-container\">\n\t\t\t\t\t<div class=\"elementor-button-wrapper\">\n\t\t\t<a class=\"elementor-button elementor-button-link elementor-size-sm\" href=\"tel:%20079151001\">\n\t\t\t\t\t\t<span class=\"elementor-button-content-wrapper\">\n\t\t\t\t\t\t\t\t\t<span class=\"elementor-button-text\">079-151-001<\/span>\n\t\t\t\t\t<\/span>\n\t\t\t\t\t<\/a>\n\t\t<\/div>\n\t\t\t\t<\/div>\n\t\t\t\t<\/div>\n\t\t\t\t\t<\/div>\n\t\t<\/div>\n\t\t\t\t\t<\/div>\n\t\t<\/section>\n\t\t\t\t<section class=\"elementor-section elementor-top-section elementor-element elementor-element-ec87fe6 elementor-section-boxed elementor-section-height-default elementor-section-height-default\" data-id=\"ec87fe6\" data-element_type=\"section\">\n\t\t\t\t\t\t<div class=\"elementor-container elementor-column-gap-default\">\n\t\t\t\t\t<div class=\"elementor-column elementor-col-100 elementor-top-column elementor-element elementor-element-c48aa36\" data-id=\"c48aa36\" data-element_type=\"column\">\n\t\t\t<div class=\"elementor-widget-wrap elementor-element-populated\">\n\t\t\t\t\t\t<div class=\"elementor-element elementor-element-98a64c3 ui-e-a-animate elementor-widget elementor-widget-highlighted-text\" data-id=\"98a64c3\" data-element_type=\"widget\" data-widget_type=\"highlighted-text.default\">\n\t\t\t\t<div class=\"elementor-widget-container\">\n\t\t\t\t\t<h2 class=\"ui-e--highlighted-text\">\n        <span class=\"ui-e-headline-text\">Voucherul nostru<\/span> <span class=\"ui-e-headline-text ui-e-headline-stroke1\"><span class=\"ui-e-headline-text ui-e-headline-highlighted\">\u00ee\u021bi ofer\u0103<\/span><span class=\"uicore-svg-wrapper\"><svg xmlns=\"http:\/\/www.w3.org\/2000\/svg\" viewBox=\"0 0 500 150\" preserveAspectRatio=\"none\"><path d='M15.2,133.3L15.2,133.3c121.9-7.6,244-9.9,366.1-6.8c34.6,0.9,69.1,2.3,103.7,4'\/><\/svg><\/span><\/span>         <\/h2>\n        \t\t<\/div>\n\t\t\t\t<\/div>\n\t\t\t\t<div class=\"elementor-element elementor-element-cca9f9b elementor-invisible elementor-widget elementor-widget-heading\" data-id=\"cca9f9b\" data-element_type=\"widget\" data-settings=\"{&quot;_animation&quot;:&quot;fadeIn&quot;,&quot;_animation_delay&quot;:200}\" data-widget_type=\"heading.default\">\n\t\t\t\t<div class=\"elementor-widget-container\">\n\t\t\t<h3 class=\"elementor-heading-title elementor-size-default\">Autoturism Skoda Octavia 24\/7<br>Evacuator pentru autoturismul personal<\/h3>\t\t<\/div>\n\t\t\t\t<\/div>\n\t\t\t\t<div class=\"elementor-element elementor-element-10eda04 elementor-invisible elementor-widget elementor-widget-image\" data-id=\"10eda04\" data-element_type=\"widget\" data-settings=\"{&quot;_animation&quot;:&quot;fadeIn&quot;,&quot;_animation_delay&quot;:400}\" data-widget_type=\"image.default\">\n\t\t\t\t<div class=\"elementor-widget-container\">\n\t\t\t\t\t\t\t\t\t\t\t\t\t<img decoding=\"async\" width=\"889\" height=\"348\" src=\"https:\/\/garantcar.md\/wp-content\/uploads\/2023\/11\/skoda-ocativa-front-copy.webp\" class=\"attachment-full size-full wp-image-346\" alt=\"\" srcset=\"https:\/\/garantcar.md\/wp-content\/uploads\/2023\/11\/skoda-ocativa-front-copy.webp 889w, https:\/\/garantcar.md\/wp-content\/uploads\/2023\/11\/skoda-ocativa-front-copy-300x117.webp 300w, https:\/\/garantcar.md\/wp-content\/uploads\/2023\/11\/skoda-ocativa-front-copy-768x301.webp 768w, https:\/\/garantcar.md\/wp-content\/uploads\/2023\/11\/skoda-ocativa-front-copy-650x254.webp 650w\" sizes=\"(max-width: 889px) 100vw, 889px\" \/>\t\t\t\t\t\t\t\t\t\t\t\t\t<\/div>\n\t\t\t\t<\/div>\n\t\t\t\t<div class=\"elementor-element elementor-element-a0867bd elementor-widget elementor-widget-spacer\" data-id=\"a0867bd\" data-element_type=\"widget\" data-widget_type=\"spacer.default\">\n\t\t\t\t<div class=\"elementor-widget-container\">\n\t\t\t\t\t<div class=\"elementor-spacer\">\n\t\t\t<div class=\"elementor-spacer-inner\"><\/div>\n\t\t<\/div>\n\t\t\t\t<\/div>\n\t\t\t\t<\/div>\n\t\t\t\t<div class=\"elementor-element elementor-element-afd08a8 elementor-widget elementor-widget-heading\" data-id=\"afd08a8\" data-element_type=\"widget\" data-widget_type=\"heading.default\">\n\t\t\t\t<div class=\"elementor-widget-container\">\n\t\t\t<h3 class=\"elementor-heading-title elementor-size-default\">\u00cen cazul defect\u0103rii autoturismului personal, de\u021bin\u0103torii de Voucher Garant Car, primesc \u00een folosin\u021b\u0103 un autoturism (Skoda Octavia) pentru o perioad\u0103 de 40 de zile pe parcursul unui an. Totodat\u0103, de\u021bin\u0103torii de Voucher Garant Car sunt \u00een drept s\u0103 solicite evacuator pe teritoriul Republicii Moldova, ca urmare a defect\u0103rii Autoturismului personal.<\/h3>\t\t<\/div>\n\t\t\t\t<\/div>\n\t\t\t\t\t<\/div>\n\t\t<\/div>\n\t\t\t\t\t<\/div>\n\t\t<\/section>\n\t\t\t\t<section class=\"elementor-section elementor-top-section elementor-element elementor-element-8ebd1f6 elementor-section-boxed elementor-section-height-default elementor-section-height-default\" data-id=\"8ebd1f6\" data-element_type=\"section\" data-settings=\"{&quot;background_background&quot;:&quot;classic&quot;,&quot;shape_divider_top&quot;:&quot;clouds&quot;}\">\n\t\t\t\t\t<div class=\"elementor-shape elementor-shape-top\" data-negative=\"false\">\n\t\t\t<svg xmlns=\"http:\/\/www.w3.org\/2000\/svg\" viewBox=\"0 0 283.5 27.8\" preserveAspectRatio=\"xMidYMax slice\">\n  <path class=\"elementor-shape-fill\" d=\"M0 0v6.7c1.9-.8 4.7-1.4 8.5-1 9.5 1.1 11.1 6 11.1 6s2.1-.7 4.3-.2c2.1.5 2.8 2.6 2.8 2.6s.2-.5 1.4-.7c1.2-.2 1.7.2 1.7.2s0-2.1 1.9-2.8c1.9-.7 3.6.7 3.6.7s.7-2.9 3.1-4.1 4.7 0 4.7 0 1.2-.5 2.4 0 1.7 1.4 1.7 1.4h1.4c.7 0 1.2.7 1.2.7s.8-1.8 4-2.2c3.5-.4 5.3 2.4 6.2 4.4.4-.4 1-.7 1.8-.9 2.8-.7 4 .7 4 .7s1.7-5 11.1-6c9.5-1.1 12.3 3.9 12.3 3.9s1.2-4.8 5.7-5.7c4.5-.9 6.8 1.8 6.8 1.8s.6-.6 1.5-.9c.9-.2 1.9-.2 1.9-.2s5.2-6.4 12.6-3.3c7.3 3.1 4.7 9 4.7 9s1.9-.9 4 0 2.8 2.4 2.8 2.4 1.9-1.2 4.5-1.2 4.3 1.2 4.3 1.2.2-1 1.4-1.7 2.1-.7 2.1-.7-.5-3.1 2.1-5.5 5.7-1.4 5.7-1.4 1.5-2.3 4.2-1.1c2.7 1.2 1.7 5.2 1.7 5.2s.3-.1 1.3.5c.5.4.8.8.9 1.1.5-1.4 2.4-5.8 8.4-4 7.1 2.1 3.5 8.9 3.5 8.9s.8-.4 2 0 1.1 1.1 1.1 1.1 1.1-1.1 2.3-1.1 2.1.5 2.1.5 1.9-3.6 6.2-1.2 1.9 6.4 1.9 6.4 2.6-2.4 7.4 0c3.4 1.7 3.9 4.9 3.9 4.9s3.3-6.9 10.4-7.9 11.5 2.6 11.5 2.6.8 0 1.2.2c.4.2.9.9.9.9s4.4-3.1 8.3.2c1.9 1.7 1.5 5 1.5 5s.3-1.1 1.6-1.4c1.3-.3 2.3.2 2.3.2s-.1-1.2.5-1.9 1.9-.9 1.9-.9-4.7-9.3 4.4-13.4c5.6-2.5 9.2.9 9.2.9s5-6.2 15.9-6.2 16.1 8.1 16.1 8.1.7-.2 1.6-.4V0H0z\"\/>\n<\/svg>\n\t\t<\/div>\n\t\t\t\t\t<div class=\"elementor-container elementor-column-gap-default\">\n\t\t\t\t\t<div class=\"elementor-column elementor-col-100 elementor-top-column elementor-element elementor-element-87aa089\" data-id=\"87aa089\" data-element_type=\"column\">\n\t\t\t<div class=\"elementor-widget-wrap elementor-element-populated\">\n\t\t\t\t\t\t<div class=\"elementor-element elementor-element-6d2666c elementor-invisible elementor-widget elementor-widget-heading\" data-id=\"6d2666c\" data-element_type=\"widget\" data-settings=\"{&quot;_animation&quot;:&quot;fadeIn&quot;}\" data-widget_type=\"heading.default\">\n\t\t\t\t<div class=\"elementor-widget-container\">\n\t\t\t<h1 class=\"elementor-heading-title elementor-size-default\">Vouchere<\/h1>\t\t<\/div>\n\t\t\t\t<\/div>\n\t\t\t\t<div class=\"elementor-element elementor-element-fefe883 elementor-invisible elementor-widget elementor-widget-heading\" data-id=\"fefe883\" data-element_type=\"widget\" data-settings=\"{&quot;_animation&quot;:&quot;fadeIn&quot;,&quot;_animation_delay&quot;:200}\" data-widget_type=\"heading.default\">\n\t\t\t\t<div class=\"elementor-widget-container\">\n\t\t\t<h3 class=\"elementor-heading-title elementor-size-default\">Alege\u021bi voucherul potrivit pentru dvs.<\/h3>\t\t<\/div>\n\t\t\t\t<\/div>\n\t\t\t\t\t<\/div>\n\t\t<\/div>\n\t\t\t\t\t<\/div>\n\t\t<\/section>\n\t\t\t\t<section class=\"elementor-section elementor-top-section elementor-element elementor-element-d51d873 elementor-section-boxed elementor-section-height-default elementor-section-height-default\" data-id=\"d51d873\" data-element_type=\"section\" data-settings=\"{&quot;background_background&quot;:&quot;classic&quot;}\">\n\t\t\t\t\t\t<div class=\"elementor-container elementor-column-gap-wide\">\n\t\t\t\t\t<div class=\"elementor-column elementor-col-33 elementor-top-column elementor-element elementor-element-e462fd4 elementor-invisible\" data-id=\"e462fd4\" data-element_type=\"column\" data-settings=\"{&quot;animation&quot;:&quot;fadeIn&quot;,&quot;animation_delay&quot;:400}\">\n\t\t\t<div class=\"elementor-widget-wrap elementor-element-populated\">\n\t\t\t\t\t\t<div class=\"elementor-element elementor-element-e0b9ff4 bdt-price-table-divider--yes elementor-widget elementor-widget-bdt-price-table\" data-id=\"e0b9ff4\" data-element_type=\"widget\" data-widget_type=\"bdt-price-table.default\">\n\t\t\t\t<div class=\"elementor-widget-container\">\n\t\t\t\t\t<div class=\"bdt-price-table bdt-price-table-skin-default\">\n\t\t\t\t\t\t<div class=\"bdt-price-table-header\">\n\t\t\t\t\t\t\t\t\t<h1 class=\"bdt-price-table-heading\">\n\t\t\t\t\t\tA\t\t\t\t\t<\/h1>\n\t\t\t\t\n\t\t\t\t\t\t\t\t\t<span class=\"bdt-price-table-subheading\">\n\t\t\t\t\t\tVoucher\t\t\t\t\t<\/span>\n\t\t\t\t\t\t\t<\/div>\n\t\t\t\t<div class=\"bdt-price-table-price\">\n\t\t\t\n\t\t\t\n\t\t\t\t\t\t\t<span class=\"bdt-price-table-integer-part\">\n\t\t\t\t\t70\t\t\t\t<\/span>\n\t\t\t\n\t\t\t\n\t\t\t\t\t\t\t<span class=\"bdt-price-table-currency\">\n\t\t\t\t\t&#128;\t\t\t\t<\/span>\n\t\t\t\n\t\t\t\t\t\t\t<span class=\"bdt-price-table-period elementor-typo-excluded bdt-price-table-period-position-below\">Anual<\/span>\t\t\t\t\t<\/div>\n\t\t\t\t\t<ul class=\"bdt-price-table-features-list \">\n\t\t\t\t\t\t\t\t\t<li class=\"elementor-repeater-item-27b659d\">\n\t\t\t\t\t\t<div class=\"bdt-price-table-feature-inner\">\n\t\t\t\t\t\t\t\n\t\t\t\t\t\t\t\t<i aria-hidden=\"true\" class=\"fa-fw fas fa-car\"><\/i>\n\t\t\t\t\t\t\t\t\t\t\t\t\t\t\t\t\t\t\t\t\t\t<div class=\"bdt-price-table-feature-text bdt-display-inline-block\">\n\t\t\t\t\t\t\t\t\tAutoturism 20 zile\t\t\t\t\t\t\t\t<\/div>\n\t\t\t\t\t\t\t\t\t\t\t\t\t<\/div>\n\t\t\t\t\t<\/li>\n\t\t\t\t\t\t\t\t\t<li class=\"elementor-repeater-item-5db11d3\">\n\t\t\t\t\t\t<div class=\"bdt-price-table-feature-inner\">\n\t\t\t\t\t\t\t\n\t\t\t\t\t\t\t\t<i aria-hidden=\"true\" class=\"fa-fw fas fa-location-arrow\"><\/i>\n\t\t\t\t\t\t\t\t\t\t\t\t\t\t\t\t\t\t\t\t\t\t<div class=\"bdt-price-table-feature-text bdt-display-inline-block\">\n\t\t\t\t\t\t\t\t\tMoldova\t\t\t\t\t\t\t\t<\/div>\n\t\t\t\t\t\t\t\t\t\t\t\t\t<\/div>\n\t\t\t\t\t<\/li>\n\t\t\t\t\t\t\t<\/ul>\n\t\t\t\t\t<div class=\"bdt-price-table-footer\">\n\t\t\t\t\n\n\t\t\t\t\t\t\t\t<div class=\"bdt-price-table-btn-wrap\">\n\t\t\t\t\t<a class=\"bdt-price-table-button elementor-button elementor-size-md\" href=\"#order\">\n\t\t\t\t\t\tComand\u0103\t\t\t\t\t<\/a>\n\t\t\t\t<\/div>\n\t\t\t\n\t\t\t\t\t\t\t<\/div>\n\t\t\t\t<\/div>\n\t\t\t\t<\/div>\n\t\t\t\t<\/div>\n\t\t\t\t\t<\/div>\n\t\t<\/div>\n\t\t\t\t<div class=\"elementor-column elementor-col-33 elementor-top-column elementor-element elementor-element-eca5504 elementor-invisible\" data-id=\"eca5504\" data-element_type=\"column\" data-settings=\"{&quot;animation&quot;:&quot;fadeIn&quot;,&quot;animation_delay&quot;:600}\">\n\t\t\t<div class=\"elementor-widget-wrap elementor-element-populated\">\n\t\t\t\t\t\t<div class=\"elementor-element elementor-element-feaf51f bdt-price-table-divider--yes elementor-widget elementor-widget-bdt-price-table\" data-id=\"feaf51f\" data-element_type=\"widget\" data-widget_type=\"bdt-price-table.default\">\n\t\t\t\t<div class=\"elementor-widget-container\">\n\t\t\t\t\t<div class=\"bdt-price-table bdt-price-table-skin-default\">\n\t\t\t\t\t\t<div class=\"bdt-price-table-header\">\n\t\t\t\t\t\t\t\t\t<h1 class=\"bdt-price-table-heading\">\n\t\t\t\t\t\tB\t\t\t\t\t<\/h1>\n\t\t\t\t\n\t\t\t\t\t\t\t\t\t<span class=\"bdt-price-table-subheading\">\n\t\t\t\t\t\tVoucher\t\t\t\t\t<\/span>\n\t\t\t\t\t\t\t<\/div>\n\t\t\t\t<div class=\"bdt-price-table-price\">\n\t\t\t\n\t\t\t\n\t\t\t\t\t\t\t<span class=\"bdt-price-table-integer-part\">\n\t\t\t\t\t80\t\t\t\t<\/span>\n\t\t\t\n\t\t\t\n\t\t\t\t\t\t\t<span class=\"bdt-price-table-currency\">\n\t\t\t\t\t&#128;\t\t\t\t<\/span>\n\t\t\t\n\t\t\t\t\t\t\t<span class=\"bdt-price-table-period elementor-typo-excluded bdt-price-table-period-position-below\">Anual<\/span>\t\t\t\t\t<\/div>\n\t\t\t\t\t<ul class=\"bdt-price-table-features-list \">\n\t\t\t\t\t\t\t\t\t<li class=\"elementor-repeater-item-d027651\">\n\t\t\t\t\t\t<div class=\"bdt-price-table-feature-inner\">\n\t\t\t\t\t\t\t\n\t\t\t\t\t\t\t\t<i aria-hidden=\"true\" class=\"fa-fw fas fa-car\"><\/i>\n\t\t\t\t\t\t\t\t\t\t\t\t\t\t\t\t\t\t\t\t\t\t<div class=\"bdt-price-table-feature-text bdt-display-inline-block\">\n\t\t\t\t\t\t\t\t\tAutoturism 30 zile\t\t\t\t\t\t\t\t<\/div>\n\t\t\t\t\t\t\t\t\t\t\t\t\t<\/div>\n\t\t\t\t\t<\/li>\n\t\t\t\t\t\t\t\t\t<li class=\"elementor-repeater-item-1313867\">\n\t\t\t\t\t\t<div class=\"bdt-price-table-feature-inner\">\n\t\t\t\t\t\t\t\n\t\t\t\t\t\t\t\t<i aria-hidden=\"true\" class=\"fa-fw fas fa-location-arrow\"><\/i>\n\t\t\t\t\t\t\t\t\t\t\t\t\t\t\t\t\t\t\t\t\t\t<div class=\"bdt-price-table-feature-text bdt-display-inline-block\">\n\t\t\t\t\t\t\t\t\tMoldova\t\t\t\t\t\t\t\t<\/div>\n\t\t\t\t\t\t\t\t\t\t\t\t\t<\/div>\n\t\t\t\t\t<\/li>\n\t\t\t\t\t\t\t<\/ul>\n\t\t\t\t\t<div class=\"bdt-price-table-footer\">\n\t\t\t\t\n\n\t\t\t\t\t\t\t\t<div class=\"bdt-price-table-btn-wrap\">\n\t\t\t\t\t<a class=\"bdt-price-table-button elementor-button elementor-size-md\" href=\"#order\">\n\t\t\t\t\t\tComand\u0103\t\t\t\t\t<\/a>\n\t\t\t\t<\/div>\n\t\t\t\n\t\t\t\t\t\t\t<\/div>\n\t\t\t\t<\/div>\n\t\t\t\t<\/div>\n\t\t\t\t<\/div>\n\t\t\t\t\t<\/div>\n\t\t<\/div>\n\t\t\t\t<div class=\"elementor-column elementor-col-33 elementor-top-column elementor-element elementor-element-41484ba elementor-invisible\" data-id=\"41484ba\" data-element_type=\"column\" data-settings=\"{&quot;animation&quot;:&quot;fadeIn&quot;,&quot;animation_delay&quot;:800}\">\n\t\t\t<div class=\"elementor-widget-wrap elementor-element-populated\">\n\t\t\t\t\t\t<div class=\"elementor-element elementor-element-dca54e1 bdt-price-table-divider--yes elementor-widget elementor-widget-bdt-price-table\" data-id=\"dca54e1\" data-element_type=\"widget\" data-widget_type=\"bdt-price-table.default\">\n\t\t\t\t<div class=\"elementor-widget-container\">\n\t\t\t\t\t<div class=\"bdt-price-table bdt-price-table-skin-default\">\n\t\t\t\t\t\t<div class=\"bdt-price-table-header\">\n\t\t\t\t\t\t\t\t\t<h1 class=\"bdt-price-table-heading\">\n\t\t\t\t\t\tC\t\t\t\t\t<\/h1>\n\t\t\t\t\n\t\t\t\t\t\t\t\t\t<span class=\"bdt-price-table-subheading\">\n\t\t\t\t\t\tVoucher\t\t\t\t\t<\/span>\n\t\t\t\t\t\t\t<\/div>\n\t\t\t\t<div class=\"bdt-price-table-price\">\n\t\t\t\n\t\t\t\n\t\t\t\t\t\t\t<span class=\"bdt-price-table-integer-part\">\n\t\t\t\t\t100\t\t\t\t<\/span>\n\t\t\t\n\t\t\t\n\t\t\t\t\t\t\t<span class=\"bdt-price-table-currency\">\n\t\t\t\t\t&#128;\t\t\t\t<\/span>\n\t\t\t\n\t\t\t\t\t\t\t<span class=\"bdt-price-table-period elementor-typo-excluded bdt-price-table-period-position-below\">Anual<\/span>\t\t\t\t\t<\/div>\n\t\t\t\t\t<ul class=\"bdt-price-table-features-list \">\n\t\t\t\t\t\t\t\t\t<li class=\"elementor-repeater-item-f0249e6\">\n\t\t\t\t\t\t<div class=\"bdt-price-table-feature-inner\">\n\t\t\t\t\t\t\t\n\t\t\t\t\t\t\t\t<i aria-hidden=\"true\" class=\"fa-fw fas fa-car\"><\/i>\n\t\t\t\t\t\t\t\t\t\t\t\t\t\t\t\t\t\t\t\t\t\t<div class=\"bdt-price-table-feature-text bdt-display-inline-block\">\n\t\t\t\t\t\t\t\t\tAutoturism 40 zile + Evacuator\t\t\t\t\t\t\t\t<\/div>\n\t\t\t\t\t\t\t\t\t\t\t\t\t<\/div>\n\t\t\t\t\t<\/li>\n\t\t\t\t\t\t\t\t\t<li class=\"elementor-repeater-item-ce21aa1\">\n\t\t\t\t\t\t<div class=\"bdt-price-table-feature-inner\">\n\t\t\t\t\t\t\t\n\t\t\t\t\t\t\t\t<i aria-hidden=\"true\" class=\"fa-fw fas fa-location-arrow\"><\/i>\n\t\t\t\t\t\t\t\t\t\t\t\t\t\t\t\t\t\t\t\t\t\t<div class=\"bdt-price-table-feature-text bdt-display-inline-block\">\n\t\t\t\t\t\t\t\t\tMoldova\t\t\t\t\t\t\t\t<\/div>\n\t\t\t\t\t\t\t\t\t\t\t\t\t<\/div>\n\t\t\t\t\t<\/li>\n\t\t\t\t\t\t\t<\/ul>\n\t\t\t\t\t<div class=\"bdt-price-table-footer\">\n\t\t\t\t\n\n\t\t\t\t\t\t\t\t<div class=\"bdt-price-table-btn-wrap\">\n\t\t\t\t\t<a class=\"bdt-price-table-button elementor-button elementor-size-md\" href=\"#order\">\n\t\t\t\t\t\tComand\u0103\t\t\t\t\t<\/a>\n\t\t\t\t<\/div>\n\t\t\t\n\t\t\t\t\t\t\t<\/div>\n\t\t\t\t<\/div>\n\t\t\t\t<\/div>\n\t\t\t\t<\/div>\n\t\t\t\t\t<\/div>\n\t\t<\/div>\n\t\t\t\t\t<\/div>\n\t\t<\/section>\n\t\t\t\t<section class=\"elementor-section elementor-top-section elementor-element elementor-element-bf7a858 elementor-section-boxed elementor-section-height-default elementor-section-height-default\" data-id=\"bf7a858\" data-element_type=\"section\">\n\t\t\t\t\t\t<div class=\"elementor-container elementor-column-gap-default\">\n\t\t\t\t\t<div class=\"elementor-column elementor-col-100 elementor-top-column elementor-element elementor-element-74aa3a5\" data-id=\"74aa3a5\" data-element_type=\"column\">\n\t\t\t<div class=\"elementor-widget-wrap elementor-element-populated\">\n\t\t\t\t\t\t<div class=\"elementor-element elementor-element-bf21b0e elementor-widget elementor-widget-spacer\" data-id=\"bf21b0e\" data-element_type=\"widget\" data-widget_type=\"spacer.default\">\n\t\t\t\t<div class=\"elementor-widget-container\">\n\t\t\t\t\t<div class=\"elementor-spacer\">\n\t\t\t<div class=\"elementor-spacer-inner\"><\/div>\n\t\t<\/div>\n\t\t\t\t<\/div>\n\t\t\t\t<\/div>\n\t\t\t\t<div class=\"elementor-element elementor-element-f243ae6 elementor-widget elementor-widget-menu-anchor\" data-id=\"f243ae6\" data-element_type=\"widget\" data-widget_type=\"menu-anchor.default\">\n\t\t\t\t<div class=\"elementor-widget-container\">\n\t\t\t\t\t<div class=\"elementor-menu-anchor\" id=\"order\"><\/div>\n\t\t\t\t<\/div>\n\t\t\t\t<\/div>\n\t\t\t\t<div class=\"elementor-element elementor-element-0346ecf elementor-widget elementor-widget-heading\" data-id=\"0346ecf\" data-element_type=\"widget\" data-widget_type=\"heading.default\">\n\t\t\t\t<div class=\"elementor-widget-container\">\n\t\t\t<h2 class=\"elementor-heading-title elementor-size-default\">Contacteaz\u0103-ne acum<\/h2>\t\t<\/div>\n\t\t\t\t<\/div>\n\t\t\t\t<div class=\"elementor-element elementor-element-ba8abec elementor-widget elementor-widget-wpforms\" data-id=\"ba8abec\" data-element_type=\"widget\" data-widget_type=\"wpforms.default\">\n\t\t\t\t<div class=\"elementor-widget-container\">\n\t\t\t<div class=\"wpforms-container wpforms-container-full\" id=\"wpforms-326\"><form id=\"wpforms-form-326\" class=\"wpforms-validate wpforms-form wpforms-ajax-form\" data-formid=\"326\" method=\"post\" enctype=\"multipart\/form-data\" action=\"\/index.php\/wp-json\/wp\/v2\/pages\/219\" data-token=\"39d80e25fa33b0518f54064e1eef899c\" data-token-time=\"1776500945\"><noscript class=\"wpforms-error-noscript\">Please enable JavaScript in your browser to complete this form.<\/noscript><div class=\"wpforms-field-container\"><div id=\"wpforms-326-field_0-container\" class=\"wpforms-field wpforms-field-name\" data-field-id=\"0\"><label class=\"wpforms-field-label\" for=\"wpforms-326-field_0\">Nume<\/label><input type=\"text\" id=\"wpforms-326-field_0\" class=\"wpforms-field-medium\" name=\"wpforms[fields][0]\" placeholder=\"Numele dvs...\" ><\/div><div id=\"wpforms-326-field_5-container\" class=\"wpforms-field wpforms-field-textarea\" data-field-id=\"5\"><label class=\"wpforms-field-label\" for=\"wpforms-326-field_5\">Date contact<\/label><textarea id=\"wpforms-326-field_5\" class=\"wpforms-field-medium wpforms-limit-characters-enabled\" data-form-id=\"326\" data-field-id=\"5\" data-text-limit=\"100\" name=\"wpforms[fields][5]\" placeholder=\"Nr. telefon \/ Email...\" maxlength=\"100\" >Nr Telefon\/Email<\/textarea><\/div><div id=\"wpforms-326-field_2-container\" class=\"wpforms-field wpforms-field-textarea\" data-field-id=\"2\"><label class=\"wpforms-field-label\" for=\"wpforms-326-field_2\">Mesaj <span class=\"wpforms-required-label\">*<\/span><\/label><textarea id=\"wpforms-326-field_2\" class=\"wpforms-field-medium wpforms-field-required\" name=\"wpforms[fields][2]\" placeholder=\"Cu ce v\u0103 putem ajuta azi?\" required><\/textarea><\/div><\/div><!-- .wpforms-field-container --><div class=\"wpforms-submit-container\" ><input type=\"hidden\" name=\"wpforms[id]\" value=\"326\"><input type=\"hidden\" name=\"page_title\" value=\"\"><input type=\"hidden\" name=\"page_url\" value=\"https:\/\/garantcar.md\/index.php\/wp-json\/wp\/v2\/pages\/219\"><button type=\"submit\" name=\"wpforms[submit]\" id=\"wpforms-submit-326\" class=\"wpforms-submit\" data-alt-text=\"Sending...\" data-submit-text=\"Trimite\" aria-live=\"assertive\" value=\"wpforms-submit\">Trimite<\/button><img decoding=\"async\" src=\"https:\/\/garantcar.md\/wp-content\/plugins\/wpforms-lite\/assets\/images\/submit-spin.svg\" class=\"wpforms-submit-spinner\" style=\"display: none;\" width=\"26\" height=\"26\" alt=\"Loading\"><\/div><\/form><\/div>  <!-- .wpforms-container -->\t\t<\/div>\n\t\t\t\t<\/div>\n\t\t\t\t\t<\/div>\n\t\t<\/div>\n\t\t\t\t\t<\/div>\n\t\t<\/section>\n\t\t\t\t<section class=\"elementor-section elementor-top-section elementor-element elementor-element-89d3912 elementor-section-boxed elementor-section-height-default elementor-section-height-default\" data-id=\"89d3912\" data-element_type=\"section\">\n\t\t\t\t\t\t<div class=\"elementor-container elementor-column-gap-default\">\n\t\t\t\t\t<div class=\"elementor-column elementor-col-100 elementor-top-column elementor-element elementor-element-1ea9d42\" data-id=\"1ea9d42\" data-element_type=\"column\">\n\t\t\t<div class=\"elementor-widget-wrap elementor-element-populated\">\n\t\t\t\t\t\t<div class=\"elementor-element elementor-element-a9f3cd4 elementor-widget elementor-widget-text-editor\" data-id=\"a9f3cd4\" data-element_type=\"widget\" data-widget_type=\"text-editor.default\">\n\t\t\t\t<div class=\"elementor-widget-container\">\n\t\t\t\t\t\t\t<p><strong>GARANT CAR SRL, mun. Chi\u0219in\u0103u, str. H\u00eence\u0219ti 43<\/strong><\/p>\t\t\t\t\t\t<\/div>\n\t\t\t\t<\/div>\n\t\t\t\t\t<\/div>\n\t\t<\/div>\n\t\t\t\t\t<\/div>\n\t\t<\/section>\n\t\t\t\t<\/div>\n\t\t","protected":false},"excerpt":{"rendered":"<p>079-151-001 Voucherul nostru \u00ee\u021bi ofer\u0103 Autoturism Skoda Octavia 24\/7Evacuator pentru autoturismul personal \u00cen cazul defect\u0103rii autoturismului personal, de\u021bin\u0103torii de Voucher Garant Car, primesc \u00een folosin\u021b\u0103 un autoturism (Skoda Octavia) pentru o perioad\u0103 de 40 de zile pe parcursul unui an. Totodat\u0103, de\u021bin\u0103torii de Voucher Garant Car sunt \u00een drept s\u0103 solicite evacuator pe teritoriul Republicii [&hellip;]<\/p>\n","protected":false},"author":1,"featured_media":0,"parent":0,"menu_order":0,"comment_status":"closed","ping_status":"closed","template":"","meta":{"footnotes":""},"class_list":["post-219","page","type-page","status-publish","hentry"],"_links":{"self":[{"href":"https:\/\/garantcar.md\/index.php\/wp-json\/wp\/v2\/pages\/219","targetHints":{"allow":["GET"]}}],"collection":[{"href":"https:\/\/garantcar.md\/index.php\/wp-json\/wp\/v2\/pages"}],"about":[{"href":"https:\/\/garantcar.md\/index.php\/wp-json\/wp\/v2\/types\/page"}],"author":[{"embeddable":true,"href":"https:\/\/garantcar.md\/index.php\/wp-json\/wp\/v2\/users\/1"}],"replies":[{"embeddable":true,"href":"https:\/\/garantcar.md\/index.php\/wp-json\/wp\/v2\/comments?post=219"}],"version-history":[{"count":108,"href":"https:\/\/garantcar.md\/index.php\/wp-json\/wp\/v2\/pages\/219\/revisions"}],"predecessor-version":[{"id":360,"href":"https:\/\/garantcar.md\/index.php\/wp-json\/wp\/v2\/pages\/219\/revisions\/360"}],"wp:attachment":[{"href":"https:\/\/garantcar.md\/index.php\/wp-json\/wp\/v2\/media?parent=219"}],"curies":[{"name":"wp","href":"https:\/\/api.w.org\/{rel}","templated":true}]}}